{"id":5,"date":"2014-10-13T17:10:19","date_gmt":"2014-10-13T17:10:19","guid":{"rendered":"https:\/\/edisonotero.cl\/?page_id=5"},"modified":"2020-05-25T17:43:15","modified_gmt":"2020-05-25T17:43:15","slug":"publicaciones","status":"publish","type":"page","link":"https:\/\/edisonotero.cl\/?page_id=5","title":{"rendered":"Libros"},"content":{"rendered":"\n<div class=\"wp-block-media-text is-stacked-on-mobile is-vertically-aligned-top\" style=\"grid-template-columns:15% auto\"><figure class=\"wp-block-media-text__media\"><img loading=\"lazy\" decoding=\"async\" width=\"100\" height=\"165\" src=\"https:\/\/edisonotero.cl\/wp-content\/uploads\/2019\/08\/citas_2018-e1566145073234.jpg\" alt=\"\" class=\"wp-image-99\"\/><\/figure><div class=\"wp-block-media-text__content\">\n<p class=\"has-normal-font-size\"><strong>Citas de Filosof\u00eda, Ciencia y Pensamiento Cr\u00edtico.<\/strong><\/p>\n\n\n\n<p>Universidad del Desarrollo. 2018.<\/p>\n<\/div><\/div>\n\n\n\n<div class=\"wp-block-media-text is-stacked-on-mobile is-vertically-aligned-top\" style=\"grid-template-columns:15% auto\"><figure class=\"wp-block-media-text__media\"><img loading=\"lazy\" decoding=\"async\" width=\"100\" height=\"158\" src=\"https:\/\/edisonotero.cl\/wp-content\/uploads\/2019\/08\/284555-e1566145399746.jpg\" alt=\"\" class=\"wp-image-102\"\/><\/figure><div class=\"wp-block-media-text__content\">\n<p class=\"has-normal-font-size\"><strong>Diccionario de Epistemolog\u00eda (3ra Ed.).<\/strong><br>(Con Jorge Gibert).<\/p>\n\n\n\n<p>RIL Editores, Universidad del Desarrollo. 2016.<\/p>\n<\/div><\/div>\n\n\n\n<div class=\"wp-block-media-text is-stacked-on-mobile is-vertically-aligned-top\" style=\"grid-template-columns:15% auto\"><figure class=\"wp-block-media-text__media\"><img loading=\"lazy\" decoding=\"async\" width=\"652\" height=\"1024\" src=\"https:\/\/edisonotero.cl\/wp-content\/uploads\/2015\/03\/image1-652x1024.jpg\" alt=\"\" class=\"wp-image-75\"\/><\/figure><div class=\"wp-block-media-text__content\">\n<p class=\"has-normal-font-size\"><strong>Diccionario de Epistemolog\u00eda.<\/strong><br>(Con Jorge Gibert).<\/p>\n\n\n\n<p>Universidad Central de Chile, 2014.<\/p>\n<\/div><\/div>\n\n\n\n<div class=\"wp-block-media-text is-stacked-on-mobile is-vertically-aligned-top\" style=\"grid-template-columns:15% auto\"><figure class=\"wp-block-media-text__media\"><img loading=\"lazy\" decoding=\"async\" width=\"697\" height=\"1024\" src=\"https:\/\/edisonotero.cl\/wp-content\/uploads\/2015\/03\/image5-697x1024.jpg\" alt=\"\" class=\"wp-image-78\"\/><\/figure><div class=\"wp-block-media-text__content\">\n<p class=\"has-normal-font-size\"><strong>El Pensador en la Caverna.<\/strong><\/p>\n\n\n\n<p>Ediciones de la Universidad Diego Portales, 2013.<\/p>\n<\/div><\/div>\n\n\n\n<div class=\"wp-block-media-text is-stacked-on-mobile is-vertically-aligned-top\" style=\"grid-template-columns:15% auto\"><figure class=\"wp-block-media-text__media\"><img loading=\"lazy\" decoding=\"async\" width=\"100\" height=\"153\" src=\"https:\/\/edisonotero.cl\/wp-content\/uploads\/2015\/03\/portada_de_la_A_a_la_Z.jpg\" alt=\"\" class=\"wp-image-57\"\/><\/figure><div class=\"wp-block-media-text__content\">\n<p class=\"has-normal-font-size\"><strong>Comunicaci\u00f3n. De la A a la Z.<\/strong><br>(Con Ricardo N\u00fa\u00f1ez).<\/p>\n\n\n\n<p>Editorial Catalonia y Universidad Uniacc.<\/p>\n\n\n\n<p>[<a href=\"https:\/\/edisonotero.cl\/PDF\/libros_comunicacion_A_Z.pdf\" target=\"_blank\" rel=\"noreferrer noopener\">Descargar en formato PDF<\/a>]<\/p>\n<\/div><\/div>\n\n\n\n<div class=\"wp-block-media-text is-stacked-on-mobile is-vertically-aligned-top\" style=\"grid-template-columns:15% auto\"><figure class=\"wp-block-media-text__media\"><img loading=\"lazy\" decoding=\"async\" width=\"100\" height=\"159\" src=\"https:\/\/edisonotero.cl\/wp-content\/uploads\/2015\/03\/portada_comunicacion_social.jpg\" alt=\"\" class=\"wp-image-56\"\/><\/figure><div class=\"wp-block-media-text__content\">\n<p class=\"has-normal-font-size\"><strong>Comunicaci\u00f3n Social<\/strong> (2da. Edici\u00f3n).<\/p>\n\n\n\n<p>Editorial Universitaria, 2006.<\/p>\n<\/div><\/div>\n\n\n\n<div class=\"wp-block-media-text is-stacked-on-mobile is-vertically-aligned-top\" style=\"grid-template-columns:15% auto\"><figure class=\"wp-block-media-text__media\"><img loading=\"lazy\" decoding=\"async\" width=\"100\" height=\"133\" src=\"https:\/\/edisonotero.cl\/wp-content\/uploads\/2015\/03\/portada_comunicacion_imposible.jpg\" alt=\"\" class=\"wp-image-55\"\/><\/figure><div class=\"wp-block-media-text__content\">\n<p class=\"has-normal-font-size\"><strong>La Comunicaci\u00f3n Imposible.<\/strong><\/p>\n\n\n\n<p>Universidad Central de Chile, 2005.<\/p>\n\n\n\n<p>[<a href=\"https:\/\/edisonotero.cl\/PDF\/libros_comunicacion_imposible.pdf\" target=\"_blank\" rel=\"noreferrer noopener\">Descargar texto en formato PDF<\/a>]<\/p>\n<\/div><\/div>\n\n\n\n<div class=\"wp-block-media-text is-stacked-on-mobile is-vertically-aligned-top\" style=\"grid-template-columns:15% auto\"><figure class=\"wp-block-media-text__media\"><img loading=\"lazy\" decoding=\"async\" width=\"100\" height=\"145\" src=\"https:\/\/edisonotero.cl\/wp-content\/uploads\/2015\/03\/eob_teoria_de_la_comunicacion_dos.jpg\" alt=\"\" class=\"wp-image-54\"\/><\/figure><div class=\"wp-block-media-text__content\">\n<p class=\"has-normal-font-size\"><strong>Teor\u00edas de la Comunicaci\u00f3n<\/strong> (2da. Edici\u00f3n).<\/p>\n\n\n\n<p>Editorial Universitaria, 2004.<\/p>\n<\/div><\/div>\n\n\n\n<div class=\"wp-block-media-text is-stacked-on-mobile is-vertically-aligned-top\" style=\"grid-template-columns:15% auto\"><figure class=\"wp-block-media-text__media\"><img loading=\"lazy\" decoding=\"async\" width=\"654\" height=\"1024\" src=\"https:\/\/edisonotero.cl\/wp-content\/uploads\/2015\/03\/image3-654x1024.jpg\" alt=\"\" class=\"wp-image-76\"\/><\/figure><div class=\"wp-block-media-text__content\">\n<p class=\"has-normal-font-size\"><strong>Ensayos de Epistemolog\u00eda<\/strong> (2da. Edici\u00f3n)<\/p>\n\n\n\n<p>Bravo Allende Editores y Universidad Central de Chile, 2004.<\/p>\n\n\n\n<p>[<a href=\"https:\/\/edisonotero.cl\/PDF\/libros_ensayos_epistemologia.pdf\" target=\"_blank\" rel=\"noreferrer noopener\">Descargar texto en formato PDF<\/a>]<\/p>\n<\/div><\/div>\n\n\n\n<div class=\"wp-block-media-text is-stacked-on-mobile is-vertically-aligned-top\" style=\"grid-template-columns:15% auto\"><figure class=\"wp-block-media-text__media\"><img loading=\"lazy\" decoding=\"async\" width=\"790\" height=\"1024\" src=\"https:\/\/edisonotero.cl\/wp-content\/uploads\/2020\/05\/filosofia_como_experiencia_intelectual-790x1024.jpg\" alt=\"\" class=\"wp-image-263\" srcset=\"https:\/\/edisonotero.cl\/wp-content\/uploads\/2020\/05\/filosofia_como_experiencia_intelectual-790x1024.jpg 790w, https:\/\/edisonotero.cl\/wp-content\/uploads\/2020\/05\/filosofia_como_experiencia_intelectual-231x300.jpg 231w, https:\/\/edisonotero.cl\/wp-content\/uploads\/2020\/05\/filosofia_como_experiencia_intelectual-768x996.jpg 768w, https:\/\/edisonotero.cl\/wp-content\/uploads\/2020\/05\/filosofia_como_experiencia_intelectual.jpg 901w\" sizes=\"auto, (max-width: 790px) 100vw, 790px\" \/><\/figure><div class=\"wp-block-media-text__content\">\n<p class=\"has-normal-font-size\"><strong>La filosof\u00eda como Experiencia Intelectual.<\/strong><\/p>\n\n\n\n<p>Programa MECE, Ministerio de Educaci\u00f3n, 1997.<\/p>\n<\/div><\/div>\n\n\n\n<div class=\"wp-block-media-text is-stacked-on-mobile is-vertically-aligned-top\" style=\"grid-template-columns:15% auto\"><figure class=\"wp-block-media-text__media\"><img loading=\"lazy\" decoding=\"async\" width=\"779\" height=\"1024\" src=\"https:\/\/edisonotero.cl\/wp-content\/uploads\/2015\/03\/image-779x1024.jpg\" alt=\"\" class=\"wp-image-74\"\/><\/figure><div class=\"wp-block-media-text__content\">\n<p class=\"has-normal-font-size\"><strong>Defensa del Oficio Intelectual.<\/strong><\/p>\n\n\n\n<p>Facultad de Ciencias Sociales. Universidad de Chile, 1996.<\/p>\n<\/div><\/div>\n\n\n\n<div class=\"wp-block-media-text is-stacked-on-mobile is-vertically-aligned-top\" style=\"grid-template-columns:15% auto\"><figure class=\"wp-block-media-text__media\"><img loading=\"lazy\" decoding=\"async\" width=\"455\" height=\"700\" src=\"https:\/\/edisonotero.cl\/wp-content\/uploads\/2020\/05\/invitacion_filosofia.jpg\" alt=\"\" class=\"wp-image-270\" srcset=\"https:\/\/edisonotero.cl\/wp-content\/uploads\/2020\/05\/invitacion_filosofia.jpg 455w, https:\/\/edisonotero.cl\/wp-content\/uploads\/2020\/05\/invitacion_filosofia-195x300.jpg 195w\" sizes=\"auto, (max-width: 455px) 100vw, 455px\" \/><\/figure><div class=\"wp-block-media-text__content\">\n<p class=\"has-normal-font-size\"><strong>Invitaci\u00f3n a la filosof\u00eda. <\/strong>(Una visi\u00f3n personal).<\/p>\n\n\n\n<p>Corporaci\u00f3n de Promoci\u00f3n Universitaria (CPU), 1992.<\/p>\n<\/div><\/div>\n\n\n\n<div class=\"wp-block-media-text is-stacked-on-mobile is-vertically-aligned-top\" style=\"grid-template-columns:15% auto\"><figure class=\"wp-block-media-text__media\"><img loading=\"lazy\" decoding=\"async\" width=\"539\" height=\"803\" src=\"https:\/\/edisonotero.cl\/wp-content\/uploads\/2020\/05\/pedagogia_del_terror.jpg\" alt=\"\" class=\"wp-image-264\" srcset=\"https:\/\/edisonotero.cl\/wp-content\/uploads\/2020\/05\/pedagogia_del_terror.jpg 539w, https:\/\/edisonotero.cl\/wp-content\/uploads\/2020\/05\/pedagogia_del_terror-201x300.jpg 201w\" sizes=\"auto, (max-width: 539px) 100vw, 539px\" \/><\/figure><div class=\"wp-block-media-text__content\">\n<p class=\"has-normal-font-size\"><strong>Pedagog\u00eda del Terror.<\/strong> (Un ensayo sobre la tortura).<br>(Con Ricardo L\u00f3pez).<\/p>\n\n\n\n<p>Editorial Atena, 1989.<\/p>\n<\/div><\/div>\n\n\n\n<div class=\"wp-block-media-text is-stacked-on-mobile is-vertically-aligned-top\" style=\"grid-template-columns:15% auto\"><figure class=\"wp-block-media-text__media\"><img loading=\"lazy\" decoding=\"async\" width=\"267\" height=\"379\" src=\"https:\/\/edisonotero.cl\/wp-content\/uploads\/2020\/05\/television_y_violencia.jpg\" alt=\"\" class=\"wp-image-267\" srcset=\"https:\/\/edisonotero.cl\/wp-content\/uploads\/2020\/05\/television_y_violencia.jpg 267w, https:\/\/edisonotero.cl\/wp-content\/uploads\/2020\/05\/television_y_violencia-211x300.jpg 211w\" sizes=\"auto, (max-width: 267px) 100vw, 267px\" \/><\/figure><div class=\"wp-block-media-text__content\">\n<p class=\"has-normal-font-size\"><strong>Televisi\u00f3n y violencia.<\/strong><br>(Con Ricardo L\u00f3pez)<\/p>\n\n\n\n<p>Ediciones Cerro Huel\u00e9n, 1984.<\/p>\n<\/div><\/div>\n\n\n\n<div class=\"wp-block-media-text is-stacked-on-mobile is-vertically-aligned-top\" style=\"grid-template-columns:15% auto\"><figure class=\"wp-block-media-text__media\"><img loading=\"lazy\" decoding=\"async\" width=\"734\" height=\"1024\" src=\"https:\/\/edisonotero.cl\/wp-content\/uploads\/2020\/05\/signos_de_la_violencia-734x1024.jpg\" alt=\"\" class=\"wp-image-265\" srcset=\"https:\/\/edisonotero.cl\/wp-content\/uploads\/2020\/05\/signos_de_la_violencia-734x1024.jpg 734w, https:\/\/edisonotero.cl\/wp-content\/uploads\/2020\/05\/signos_de_la_violencia-215x300.jpg 215w, https:\/\/edisonotero.cl\/wp-content\/uploads\/2020\/05\/signos_de_la_violencia-768x1071.jpg 768w, https:\/\/edisonotero.cl\/wp-content\/uploads\/2020\/05\/signos_de_la_violencia.jpg 1032w\" sizes=\"auto, (max-width: 734px) 100vw, 734px\" \/><\/figure><div class=\"wp-block-media-text__content\">\n<p class=\"has-normal-font-size\"><strong>Los Signos de la Violencia.<\/strong><\/p>\n\n\n\n<p>Editorial Aconcagua, 1979.<\/p>\n<\/div><\/div>\n\n\n\n<div class=\"wp-block-media-text is-stacked-on-mobile is-vertically-aligned-top\" style=\"grid-template-columns:15% auto\"><figure class=\"wp-block-media-text__media\"><img loading=\"lazy\" decoding=\"async\" width=\"100\" height=\"138\" src=\"https:\/\/edisonotero.cl\/wp-content\/uploads\/2015\/03\/image4-e1426338657404.jpg\" alt=\"\" class=\"wp-image-77\"\/><\/figure><div class=\"wp-block-media-text__content\">\n<p class=\"has-normal-font-size\"><strong>La Violencia y sus M\u00e1scaras.<\/strong><br>(Con Jorge Millas).<\/p>\n\n\n\n<p>Editorial Aconcagua, 1978.<\/p>\n<\/div><\/div>\n\n\n\n<p><\/p>\n\n\n\n<p><\/p>\n","protected":false},"excerpt":{"rendered":"<p>Citas de Filosof\u00eda, Ciencia y Pensamiento Cr\u00edtico. Universidad del Desarrollo. 2018. Diccionario de Epistemolog\u00eda (3ra Ed.).(Con Jorge Gibert). RIL Editores, Universidad del Desarrollo. 2016. Diccionario de Epistemolog\u00eda.(Con Jorge Gibert). Universidad Central de Chile, 2014. El Pensador en la Caverna. Ediciones de la Universidad Diego Portales, 2013. Comunicaci\u00f3n. De la A a la Z.(Con Ricardo N\u00fa\u00f1ez). &#8230; <a title=\"Libros\" class=\"read-more\" href=\"https:\/\/edisonotero.cl\/?page_id=5\" aria-label=\"More on Libros\">(Seguir leyendo)<\/a><\/p>\n","protected":false},"author":1,"featured_media":0,"parent":0,"menu_order":1,"comment_status":"closed","ping_status":"closed","template":"","meta":{"jetpack_post_was_ever_published":false,"footnotes":""},"class_list":["post-5","page","type-page","status-publish"],"jetpack_shortlink":"https:\/\/wp.me\/P4ubAk-5","jetpack_sharing_enabled":true,"_links":{"self":[{"href":"https:\/\/edisonotero.cl\/index.php?rest_route=\/wp\/v2\/pages\/5","targetHints":{"allow":["GET"]}}],"collection":[{"href":"https:\/\/edisonotero.cl\/index.php?rest_route=\/wp\/v2\/pages"}],"about":[{"href":"https:\/\/edisonotero.cl\/index.php?rest_route=\/wp\/v2\/types\/page"}],"author":[{"embeddable":true,"href":"https:\/\/edisonotero.cl\/index.php?rest_route=\/wp\/v2\/users\/1"}],"replies":[{"embeddable":true,"href":"https:\/\/edisonotero.cl\/index.php?rest_route=%2Fwp%2Fv2%2Fcomments&post=5"}],"version-history":[{"count":10,"href":"https:\/\/edisonotero.cl\/index.php?rest_route=\/wp\/v2\/pages\/5\/revisions"}],"predecessor-version":[{"id":273,"href":"https:\/\/edisonotero.cl\/index.php?rest_route=\/wp\/v2\/pages\/5\/revisions\/273"}],"wp:attachment":[{"href":"https:\/\/edisonotero.cl\/index.php?rest_route=%2Fwp%2Fv2%2Fmedia&parent=5"}],"curies":[{"name":"wp","href":"https:\/\/api.w.org\/{rel}","templated":true}]}}