{"id":18,"date":"2015-03-12T20:14:50","date_gmt":"2015-03-12T20:14:50","guid":{"rendered":"https:\/\/edisonotero.cl\/?page_id=18"},"modified":"2019-08-18T16:28:03","modified_gmt":"2019-08-18T16:28:03","slug":"articulos","status":"publish","type":"page","link":"https:\/\/edisonotero.cl\/?page_id=18","title":{"rendered":"Art\u00edculos"},"content":{"rendered":"<p><em><strong>Nuevos Escenarios de la Comunicaci\u00f3n. Retos y Convergencias.<\/strong><\/em>\u00a0Incluido en \u201cLa b\u00fasqueda de identidad de los estudios en comunicaci\u00f3n\u201d, Marco L\u00f3pez Paredes (Editor).\u00a0Pontifica Universidad Cat\u00f3lica del Ecuador. 2018<\/p>\n<p><em><strong>Un encendido debate<\/strong><\/em>. (Working paper) [<a href=\"https:\/\/edisonotero.cl\/wp-content\/uploads\/2015\/03\/articulos_encendido_debate.pdf\" rel=\"\">PDF<\/a>]<\/p>\n<p><em><strong>Testimonios ap\u00f3statas<\/strong><\/em>. (Working paper) [<a href=\"https:\/\/edisonotero.cl\/wp-content\/uploads\/2015\/03\/articulos_terstimonios_apostatas.pdf\" rel=\"\">PDF<\/a>]<\/p>\n<p><em><strong>Pensamiento cr\u00edtico. Del optimismo ingenuo al realismo<\/strong><\/em>. (Con Lisa Herrera). (Working paper) [<a href=\"https:\/\/edisonotero.cl\/wp-content\/uploads\/2015\/03\/articulos_pensamiento_critico.pdf\" rel=\"\">PDF<\/a>]<\/p>\n<p><em><strong>Correspondencias amorosas Miller-Nin<\/strong><\/em>.\u00a0Inclu\u00eddo en \u201cDe las Palabras al\u00a0Amor\u201d, Armando Roa, compilador. RIL Editores y Universidad del\u00a0Desarrollo. P\u00e1g. 79-99. 2015. [<a href=\"https:\/\/edisonotero.cl\/wp-content\/uploads\/2015\/03\/articulos_correspondencias_amorosas.pdf\" rel=\"\">PDF<\/a>]<\/p>\n<p><em><strong>Al rescate de Juan Rivano<\/strong><\/em>. (Working paper) [<a href=\"https:\/\/edisonotero.cl\/wp-content\/uploads\/2015\/03\/articulos_rescate_juan_rivano.pdf\" rel=\"\">PDF<\/a>]<\/p>\n<p><b><i>Dieta medial de los estudiantes universitarios de la Regi\u00f3n Metropolitana.<\/i><\/b> (Con Gabriel Otero y Constanza P\u00e9rez). Revista Argentina de Econom\u00eda y Ciencias Sociales, Vol. XV, N\u00b0 20, 23-45. 2013. [<a href=\"https:\/\/edisonotero.cl\/PDF\/articulos_dieta_medial.pdf\">PDF<\/a>]<\/p>\n<p><b><i>Videojuegos y violencia: entre el p\u00e1nico moral y la investigaci\u00f3n cient\u00edfica.<\/i><\/b> Inclu\u00eddo en Guerra y Paz en el mundo virtual: datos y debates sobre videojuegos, Centro de Estudios Universitarios de Uniacc. 135-150, 2011. [<a href=\"https:\/\/edisonotero.cl\/PDF\/articulos_videojuegos_y_violencia.pdf\">PDF<\/a>]<\/p>\n<p><b><i>Ejercicio de epistemolog\u00eda elemental sobre un cuento de Carl Sagan.<\/i><\/b> Cuadernos de Neuropsicolog\u00eda, Vol. 5 (1), 79-88. 2011. [<a href=\"https:\/\/edisonotero.cl\/PDF\/articulos_ejercicio_epistemologia.pdf\">PDF<\/a>]<\/p>\n<p><b><i>Sobre la condici\u00f3n fragmentaria y menesterosa de los estudios en comunicaci\u00f3n.<\/i><\/b> Revista Cuadernos de la Informaci\u00f3n N\u00ba 27, 7-14. Universidad Cat\u00f3lica de Chile, 2010-2011. [<a href=\"https:\/\/edisonotero.cl\/PDF\/articulos_condicion_fragmentaria.pdf\">PDF<\/a>]<\/p>\n<p><b><i>Materiales sobre la idea de impostura intelectual.<\/i><\/b> Incluido en Contra los mitos y sofismas de las \u2018teor\u00edas literarias\u2019 posmodernas, Jes\u00fas Maestro &amp; Inger Enkvist editores. Editorial Academia del Hispanismo, 365-396. Vigo, Espa\u00f1a 2010. [<a href=\"https:\/\/edisonotero.cl\/PDF\/articulos_materiales_impostura.pdf\">PDF<\/a>]<\/p>\n<p><b><i>Tendencias de la investigaci\u00f3n y experiencias pr\u00e1cticas en desarrollo del pensamiento cr\u00edtico. <\/i><\/b>Revista de Pedagog\u00eda Cr\u00edtica A\u00f1o 7, N\u00ba 5, 113-128. Universidad Academia de Humanismo Cristiano. Santiago, 2008. [<a href=\"https:\/\/edisonotero.cl\/PDF\/articulos_tendencias_investigacion.pdf\">PDF<\/a>]<\/p>\n<p><b><i>Thomas Nagel y su argumento en pro de la objetividad.<\/i><\/b> Praxis, Revista de Psicolog\u00eda y Ciencias Humanas, A\u00f1o 10, N\u00ba 13. 2008. 93-102. [<a href=\"https:\/\/edisonotero.cl\/PDF\/articulos_thomas_nagel.doc\">PDF<\/a>]<\/p>\n<p><b><i>Estado del arte en teor\u00eda de la comunicaci\u00f3n: un ejercicio kuhniano.<\/i><\/b> Intercom, Revista Brasilera de Ciencias de la Comunicaci\u00f3n, Vol. 20 (1), 57-83. 2006. [<a href=\"https:\/\/edisonotero.cl\/PDF\/articulos_estado_del_arte.pdf\">PDF<\/a>]<\/p>\n<p><b><i>Popper, Kuhn, Feyerabend: lo que el viento se llev\u00f3 y no se llev\u00f3.<\/i><\/b> Incluido en \u201cEnsayos de Epistemolog\u00eda\u201d, Bravo y Allende Editores. 2002. [<a href=\"https:\/\/edisonotero.cl\/PDF\/articulos_popper_kuhn_feyerabend.PDF\">PDF<\/a>]<\/p>\n","protected":false},"excerpt":{"rendered":"<p>Nuevos Escenarios de la Comunicaci\u00f3n. Retos y Convergencias.\u00a0Incluido en \u201cLa b\u00fasqueda de identidad de los estudios en comunicaci\u00f3n\u201d, Marco L\u00f3pez Paredes (Editor).\u00a0Pontifica Universidad Cat\u00f3lica del Ecuador. 2018 Un encendido debate. (Working paper) [PDF] Testimonios ap\u00f3statas. (Working paper) [PDF] Pensamiento cr\u00edtico. Del optimismo ingenuo al realismo. (Con Lisa Herrera). (Working paper) [PDF] Correspondencias amorosas Miller-Nin.\u00a0Inclu\u00eddo en &#8230; <a title=\"Art\u00edculos\" class=\"read-more\" href=\"https:\/\/edisonotero.cl\/?page_id=18\" aria-label=\"More on Art\u00edculos\">(Seguir leyendo)<\/a><\/p>\n","protected":false},"author":1,"featured_media":0,"parent":0,"menu_order":0,"comment_status":"closed","ping_status":"closed","template":"","meta":{"jetpack_post_was_ever_published":false,"footnotes":""},"class_list":["post-18","page","type-page","status-publish"],"jetpack_shortlink":"https:\/\/wp.me\/P4ubAk-i","jetpack_sharing_enabled":true,"_links":{"self":[{"href":"https:\/\/edisonotero.cl\/index.php?rest_route=\/wp\/v2\/pages\/18","targetHints":{"allow":["GET"]}}],"collection":[{"href":"https:\/\/edisonotero.cl\/index.php?rest_route=\/wp\/v2\/pages"}],"about":[{"href":"https:\/\/edisonotero.cl\/index.php?rest_route=\/wp\/v2\/types\/page"}],"author":[{"embeddable":true,"href":"https:\/\/edisonotero.cl\/index.php?rest_route=\/wp\/v2\/users\/1"}],"replies":[{"embeddable":true,"href":"https:\/\/edisonotero.cl\/index.php?rest_route=%2Fwp%2Fv2%2Fcomments&post=18"}],"version-history":[{"count":9,"href":"https:\/\/edisonotero.cl\/index.php?rest_route=\/wp\/v2\/pages\/18\/revisions"}],"predecessor-version":[{"id":104,"href":"https:\/\/edisonotero.cl\/index.php?rest_route=\/wp\/v2\/pages\/18\/revisions\/104"}],"wp:attachment":[{"href":"https:\/\/edisonotero.cl\/index.php?rest_route=%2Fwp%2Fv2%2Fmedia&parent=18"}],"curies":[{"name":"wp","href":"https:\/\/api.w.org\/{rel}","templated":true}]}}